{"id":12582,"date":"2019-02-07T09:24:47","date_gmt":"2019-02-07T06:24:47","guid":{"rendered":"http:\/\/gocekanimalrescue.com\/ana-sayfa\/"},"modified":"2024-06-01T12:25:59","modified_gmt":"2024-06-01T09:25:59","slug":"ana-sayfa","status":"publish","type":"page","link":"https:\/\/gocekanimalrescue.com\/tr\/","title":{"rendered":"Ana Sayfa"},"content":{"rendered":"<p><div class=\"fusion-fullwidth fullwidth-box fusion-builder-row-1 hundred-percent-fullwidth non-hundred-percent-height-scrolling\" style=\"--awb-border-radius-top-left:0px;--awb-border-radius-top-right:0px;--awb-border-radius-bottom-right:0px;--awb-border-radius-bottom-left:0px;--awb-overflow:visible;--awb-flex-wrap:wrap;\" ><div class=\"fusion-builder-row fusion-row\"><div class=\"fusion-layout-column fusion_builder_column fusion-builder-column-0 fusion_builder_column_1_1 1_1 fusion-one-full fusion-column-first fusion-column-last fusion-column-no-min-height\" style=\"--awb-padding-bottom:20px;--awb-bg-size:cover;--awb-margin-bottom:0px;\" data-scroll-devices=\"small-visibility,medium-visibility,large-visibility\"><div class=\"fusion-column-wrapper fusion-column-has-shadow fusion-flex-column-wrapper-legacy\"><div class=\"fusion-aligncenter\"><a class=\"fusion-button button-flat button-xlarge button-green fusion-button-green button-1 fusion-button-default-span fusion-button-default-type\" style=\"--button_text_transform:none;\" target=\"_self\" href=\"http:\/\/gocekanimalrescue.com\/bagis-veya-sponsor\/?lang=tr\"><span class=\"fusion-button-text awb-button__text awb-button__text--default\">L\u00fctfen ba\u011f\u0131\u015fta bulunun<\/span><\/a><\/div><div class=\"fusion-clearfix\"><\/div><\/div><\/div><\/div><\/div><div class=\"fusion-fullwidth fullwidth-box fusion-builder-row-2 hundred-percent-fullwidth non-hundred-percent-height-scrolling\" style=\"--awb-border-radius-top-left:0px;--awb-border-radius-top-right:0px;--awb-border-radius-bottom-right:0px;--awb-border-radius-bottom-left:0px;--awb-overflow:visible;--awb-flex-wrap:wrap;\" ><div class=\"fusion-builder-row fusion-row\"><div class=\"fusion-layout-column fusion_builder_column fusion-builder-column-1 fusion_builder_column_1_1 1_1 fusion-one-full fusion-column-first fusion-column-last fusion-column-no-min-height\" style=\"--awb-bg-size:cover;--awb-margin-bottom:0px;\"><div class=\"fusion-column-wrapper fusion-flex-column-wrapper-legacy\"><div class=\"fusion-counters-box counters-box row fusion-clearfix fusion-columns-5\" style=\"--awb-title-size:40;\"><div class=\"fusion-counter-box fusion-column col-counter-box counter-box-wrapper col-lg-2 col-md-2 col-sm-2\" data-animationOffset=\"top-into-view\"><div class=\"counter-box-container\"><div class=\"content-box-percentage content-box-counter\"><span class=\"display-counter\" data-value=\"310\" data-direction=\"up\" data-decimals=\"0\">0<\/span><span class=\"unit\">+<\/span><\/div><div class=\"counter-box-content\">Bar\u0131nak Sakinlerimiz<\/div><\/div><\/div><div class=\"fusion-counter-box fusion-column col-counter-box counter-box-wrapper col-lg-2 col-md-2 col-sm-2\" data-animationOffset=\"top-into-view\"><div class=\"counter-box-container\"><div class=\"content-box-percentage content-box-counter\"><span class=\"display-counter\" data-value=\"100\" data-direction=\"up\" data-decimals=\"0\">0<\/span><span class=\"unit\">+<\/span><\/div><div class=\"counter-box-content\">Sahiplenen K\u00f6peklerimiz<\/div><\/div><\/div><div class=\"fusion-counter-box fusion-column col-counter-box counter-box-wrapper col-lg-2 col-md-2 col-sm-2\" data-animationOffset=\"top-into-view\"><div class=\"counter-box-container\"><div class=\"content-box-percentage content-box-counter\"><span class=\"unit\">\u20ac<\/span><span class=\"display-counter\" data-value=\"7000\" data-direction=\"up\" data-decimals=\"0\">0<\/span><\/div><div class=\"counter-box-content\">Ayl\u0131k Mama Masraf\u0131m\u0131z<\/div><\/div><\/div><div class=\"fusion-counter-box fusion-column col-counter-box counter-box-wrapper col-lg-2 col-md-2 col-sm-2\" data-animationOffset=\"top-into-view\"><div class=\"counter-box-container\"><div class=\"content-box-percentage content-box-counter\"><span class=\"unit\">\u20ac<\/span><span class=\"display-counter\" data-value=\"6000\" data-direction=\"up\" data-decimals=\"0\">0<\/span><\/div><div class=\"counter-box-content\">Ayl\u0131k Veteriner Masraf\u0131m\u0131z<\/div><\/div><\/div><div class=\"fusion-counter-box fusion-column col-counter-box counter-box-wrapper col-lg-2 col-md-2 col-sm-2\" data-animationOffset=\"top-into-view\"><div class=\"counter-box-container\"><div class=\"content-box-percentage content-box-counter\"><span class=\"display-counter\" data-value=\"100\" data-direction=\"up\" data-decimals=\"0\">0<\/span><span class=\"unit\">+<\/span><\/div><div class=\"counter-box-content\">Sokak Kedileri<\/div><\/div><\/div><\/div><div class=\"clearfix\"><\/div><div class=\"fusion-clearfix\"><\/div><\/div><\/div><div class=\"fusion-layout-column fusion_builder_column fusion-builder-column-2 fusion_builder_column_1_3 1_3 fusion-one-third fusion-column-first fusion-column-no-min-height\" style=\"--awb-bg-size:cover;--awb-margin-bottom:0px;width:33.333333333333%;width:calc(33.333333333333% - ( ( 4% + 2% ) * 0.33333333333333 ) );margin-right: 4%;\"><div class=\"fusion-column-wrapper fusion-flex-column-wrapper-legacy\"><div class=\"fusion-image-element fusion-image-align-center in-legacy-container\" style=\"text-align:center;--awb-caption-title-font-family:var(--h2_typography-font-family);--awb-caption-title-font-weight:var(--h2_typography-font-weight);--awb-caption-title-font-style:var(--h2_typography-font-style);--awb-caption-title-size:var(--h2_typography-font-size);--awb-caption-title-transform:var(--h2_typography-text-transform);--awb-caption-title-line-height:var(--h2_typography-line-height);--awb-caption-title-letter-spacing:var(--h2_typography-letter-spacing);\"><div class=\"imageframe-align-center\"><span class=\" fusion-imageframe imageframe-none imageframe-1 hover-type-none\"><img decoding=\"async\" width=\"300\" height=\"200\" title=\"billy1\" src=\"http:\/\/gocekanimalrescue.com\/wp-content\/uploads\/2022\/06\/billy1-300x200.jpg\" alt class=\"img-responsive wp-image-13407\" srcset=\"https:\/\/gocekanimalrescue.com\/wp-content\/uploads\/2022\/06\/billy1-200x133.jpg 200w, https:\/\/gocekanimalrescue.com\/wp-content\/uploads\/2022\/06\/billy1-400x267.jpg 400w, https:\/\/gocekanimalrescue.com\/wp-content\/uploads\/2022\/06\/billy1-600x400.jpg 600w, https:\/\/gocekanimalrescue.com\/wp-content\/uploads\/2022\/06\/billy1.jpg 640w\" sizes=\"(max-width: 800px) 100vw, 400px\" \/><\/span><\/div><\/div><div class=\"fusion-text fusion-text-1\"><h2 style=\"text-align: center;\">Bar\u0131na\u011f\u0131m\u0131z\u0131n Maskot\u2019u ile Tan\u0131\u015f\u0131n!<\/h2>\n<\/div><div class=\"fusion-text fusion-text-2\"><p>Benim ad\u0131m Billy, yakla\u015f\u0131k 3 ya\u015f\u0131nday\u0131m ve G\u00f6cek&#8217;ten geliyorum. Ben s\u0131\u011f\u0131na\u011f\u0131n maskotuyum ve size d\u00fczenli olarak s\u0131\u011f\u0131naktaki gelip gidenlerle ilgili hikayelerimi anlataca\u011f\u0131m. En yeni hikayeler i\u00e7in blogumu takip edin.<\/p>\n<\/div><div class=\"fusion-aligncenter\"><a class=\"fusion-button button-flat button-large button-green fusion-button-green button-2 fusion-button-default-span fusion-button-default-type\" style=\"--button_text_transform:none;\" target=\"_blank\" rel=\"noopener noreferrer\" href=\"http:\/\/gocekanimalrescue.com\/akkusun-gunlugu\/?lang=tr\"><span class=\"fusion-button-text awb-button__text awb-button__text--default\">Billy\u2019un G\u00fcnl\u00fc\u011f\u00fc<\/span><\/a><\/div><div class=\"fusion-text fusion-text-3\"><p><code><\/p>\n<\/div><div class=\"fusion-image-element in-legacy-container\" style=\"--awb-caption-title-font-family:var(--h2_typography-font-family);--awb-caption-title-font-weight:var(--h2_typography-font-weight);--awb-caption-title-font-style:var(--h2_typography-font-style);--awb-caption-title-size:var(--h2_typography-font-size);--awb-caption-title-transform:var(--h2_typography-text-transform);--awb-caption-title-line-height:var(--h2_typography-line-height);--awb-caption-title-letter-spacing:var(--h2_typography-letter-spacing);\"><span class=\" fusion-imageframe imageframe-none imageframe-2 hover-type-none\"><img decoding=\"async\" width=\"300\" height=\"200\" title=\"billy2\" src=\"http:\/\/gocekanimalrescue.com\/wp-content\/uploads\/2022\/06\/billy2-300x200.jpg\" alt class=\"img-responsive wp-image-13409\" srcset=\"https:\/\/gocekanimalrescue.com\/wp-content\/uploads\/2022\/06\/billy2-200x133.jpg 200w, https:\/\/gocekanimalrescue.com\/wp-content\/uploads\/2022\/06\/billy2-400x267.jpg 400w, https:\/\/gocekanimalrescue.com\/wp-content\/uploads\/2022\/06\/billy2-600x400.jpg 600w, https:\/\/gocekanimalrescue.com\/wp-content\/uploads\/2022\/06\/billy2.jpg 640w\" sizes=\"(max-width: 800px) 100vw, 400px\" \/><\/span><\/div><div class=\"fusion-text fusion-text-4\"><p><\/code><\/p>\n<h2 style=\"text-align: center;\">B\u00fclten<\/h2>\n<\/div><div class=\"fusion-aligncenter\"><a class=\"fusion-button button-flat button-large button-green fusion-button-green button-3 fusion-button-default-span fusion-button-default-type\" style=\"--button_text_transform:none;\" target=\"_blank\" rel=\"noopener noreferrer\" href=\"http:\/\/gocekanimalrescue.com\/abonelik\/?lang=tr\"><span class=\"fusion-button-text awb-button__text awb-button__text--default\">B\u00fclten\u2019e Abone Olun<\/span><\/a><\/div><div class=\"fusion-text fusion-text-5\"><p><code><\/p>\n<\/div><div class=\"fusion-aligncenter\"><a class=\"fusion-button button-flat button-large button-green fusion-button-green button-4 fusion-button-default-span fusion-button-default-type\" style=\"--button_text_transform:none;\" target=\"_self\" href=\"http:\/\/gocekanimalrescue.com\/wp-content\/uploads\/2024\/05\/turkish240405.pdf\"><span class=\"fusion-button-text awb-button__text awb-button__text--default\">Son B\u00fcltenimize G\u00f6z At\u0131n<\/span><\/a><\/div><div class=\"fusion-clearfix\"><\/div><\/div><\/div><div class=\"fusion-layout-column fusion_builder_column fusion-builder-column-3 fusion_builder_column_1_3 1_3 fusion-one-third fusion-column-no-min-height\" style=\"--awb-padding-top:3px;--awb-padding-right:3px;--awb-padding-bottom:3px;--awb-padding-left:3px;--awb-bg-color:rgba(138,193,75,0.33);--awb-bg-color-hover:rgba(138,193,75,0.33);--awb-bg-size:cover;--awb-border-color:rgba(139,195,74,0.25);--awb-border-top:1px;--awb-border-right:1px;--awb-border-bottom:1px;--awb-border-left:1px;--awb-border-style:solid;--awb-margin-bottom:0px;width:33.333333333333%;width:calc(33.333333333333% - ( ( 4% + 2% ) * 0.33333333333333 ) );margin-right: 2%;\"><div class=\"fusion-column-wrapper fusion-flex-column-wrapper-legacy\"><div class=\"fusion-column-content-centered\"><div class=\"fusion-column-content\"><div class=\"fusion-text fusion-text-6\"><p><\/code><\/p>\n<h1 style=\"text-align: center;\">Ba\u011f\u0131\u015flar\u0131n\u0131za \u0130htiyac\u0131m\u0131z Var<\/h1>\n<\/div><div class=\"fusion-image-element in-legacy-container\" style=\"--awb-caption-title-font-family:var(--h2_typography-font-family);--awb-caption-title-font-weight:var(--h2_typography-font-weight);--awb-caption-title-font-style:var(--h2_typography-font-style);--awb-caption-title-size:var(--h2_typography-font-size);--awb-caption-title-transform:var(--h2_typography-text-transform);--awb-caption-title-line-height:var(--h2_typography-line-height);--awb-caption-title-letter-spacing:var(--h2_typography-letter-spacing);\"><span class=\" fusion-imageframe imageframe-none imageframe-3 hover-type-none\" style=\"border:5px solid #f6f6f6;\"><img decoding=\"async\" width=\"600\" height=\"900\" title=\"girlwithdog\" src=\"http:\/\/gocekanimalrescue.com\/wp-content\/uploads\/2019\/02\/girlwithdog.jpg\" alt class=\"img-responsive wp-image-12504\" srcset=\"https:\/\/gocekanimalrescue.com\/wp-content\/uploads\/2019\/02\/girlwithdog-200x300.jpg 200w, https:\/\/gocekanimalrescue.com\/wp-content\/uploads\/2019\/02\/girlwithdog-400x600.jpg 400w, https:\/\/gocekanimalrescue.com\/wp-content\/uploads\/2019\/02\/girlwithdog.jpg 600w\" sizes=\"(max-width: 800px) 100vw, 400px\" \/><\/span><\/div><div class=\"fusion-text fusion-text-7\"><p><code> <\/code><\/p>\n<p><em>T\u00fcm gelirimiz sizlerden gelen ba\u011f\u0131\u015flar, devletten ya da yerel y\u00f6netimlerden hi\u00e7bir deste\u011fimiz yoktur.<\/em><\/p>\n<p><em>Toplanan ba\u011f\u0131\u015flar\u0131n t\u00fcm\u00fc mama, bar\u0131na\u011f\u0131m\u0131z\u0131n bak\u0131m\u0131 ve veteriner masraflar\u0131na harcanmaktad\u0131r.<\/em><\/p>\n<p><em>Canlar\u0131m\u0131zdan birinin sponsoru olmak ya da d\u00fczenli olarak ba\u011f\u0131\u015f yapmak isterseniz l\u00fctfen bizi aray\u0131n.<\/em><\/p>\n<p><em>L\u00fctfen ba\u011f\u0131\u015flar\u0131n\u0131zla destek olun, az veya \u00e7ok, her ba\u011f\u0131\u015f bizim i\u00e7in \u00e7ok de\u011ferli.<\/em><\/p>\n<\/div><div class=\"fusion-aligncenter\"><a class=\"fusion-button button-flat button-large button-green fusion-button-green button-5 fusion-button-default-span fusion-button-default-type\" style=\"--button_text_transform:none;\" target=\"_self\" href=\"http:\/\/gocekanimalrescue.com\/bagis-veya-sponsor\/?lang=tr\"><span class=\"fusion-button-text awb-button__text awb-button__text--default\">L\u00fctfen ba\u011f\u0131\u015fta bulunun<\/span><\/a><\/div><div class=\"fusion-text fusion-text-8\"><p><code><\/p>\n<\/div><\/div><\/div><div class=\"fusion-clearfix\"><\/div><\/div><\/div><div class=\"fusion-layout-column fusion_builder_column fusion-builder-column-4 fusion_builder_column_1_3 1_3 fusion-one-third fusion-column-last fusion-column-no-min-height\" style=\"--awb-bg-color:rgba(255,255,255,0.33);--awb-bg-color-hover:rgba(255,255,255,0.33);--awb-bg-size:cover;--awb-margin-bottom:0px;width:33.333333333333%;width:calc(33.333333333333% - ( ( 4% + 2% ) * 0.33333333333333 ) );\"><div class=\"fusion-column-wrapper fusion-flex-column-wrapper-legacy\"><div class=\"fusion-image-element in-legacy-container\" style=\"--awb-caption-title-font-family:var(--h2_typography-font-family);--awb-caption-title-font-weight:var(--h2_typography-font-weight);--awb-caption-title-font-style:var(--h2_typography-font-style);--awb-caption-title-size:var(--h2_typography-font-size);--awb-caption-title-transform:var(--h2_typography-text-transform);--awb-caption-title-line-height:var(--h2_typography-line-height);--awb-caption-title-letter-spacing:var(--h2_typography-letter-spacing);\"><span class=\" fusion-imageframe imageframe-none imageframe-4 hover-type-none\"><img decoding=\"async\" width=\"640\" height=\"428\" title=\"amaya1\" src=\"http:\/\/gocekanimalrescue.com\/wp-content\/uploads\/2019\/02\/amaya1.jpg\" alt class=\"img-responsive wp-image-12507\" srcset=\"https:\/\/gocekanimalrescue.com\/wp-content\/uploads\/2019\/02\/amaya1-200x134.jpg 200w, https:\/\/gocekanimalrescue.com\/wp-content\/uploads\/2019\/02\/amaya1-400x268.jpg 400w, https:\/\/gocekanimalrescue.com\/wp-content\/uploads\/2019\/02\/amaya1-600x401.jpg 600w, https:\/\/gocekanimalrescue.com\/wp-content\/uploads\/2019\/02\/amaya1.jpg 640w\" sizes=\"(max-width: 800px) 100vw, 400px\" \/><\/span><\/div><div class=\"fusion-text fusion-text-9\"><p><\/code><\/p>\n<h2 style=\"text-align: center;\">Koruyucu Aileler Aran\u0131yor!<\/h2>\n<\/div><div class=\"fusion-text fusion-text-10\"><p>Benim ad\u0131m Amaya ve acilen bir koruyucu aileye ihtiyac\u0131m var. Bar\u0131nakta t\u0131pk\u0131 benim gibi, \u00f6zel bak\u0131ma, biraz daha yo\u011fun ilgi ve \u015fefkate ihtiyac\u0131 olan o kadar \u00e7ok arkada\u015f\u0131m var ki. Dernek koruyucu ailelerin bizimle ilgili t\u00fcm masraflar\u0131n\u0131 da kar\u015f\u0131layacak, yeter ki siz bize kucak a\u00e7\u0131n. Bize yak\u0131nsan\u0131z ve yard\u0131m etmek istiyorsan\u0131z l\u00fctfen dernek yetkililerimizi aray\u0131n.<\/p>\n<\/div><div class=\"fusion-text fusion-text-11\"><h2 style=\"text-align: center;\">G\u00f6n\u00fcll\u00fcler Aran\u0131yor!<\/h2>\n<\/div><div class=\"fusion-image-element in-legacy-container\" style=\"--awb-caption-title-font-family:var(--h2_typography-font-family);--awb-caption-title-font-weight:var(--h2_typography-font-weight);--awb-caption-title-font-style:var(--h2_typography-font-style);--awb-caption-title-size:var(--h2_typography-font-size);--awb-caption-title-transform:var(--h2_typography-text-transform);--awb-caption-title-line-height:var(--h2_typography-line-height);--awb-caption-title-letter-spacing:var(--h2_typography-letter-spacing);\"><span class=\" fusion-imageframe imageframe-none imageframe-5 hover-type-none\"><img decoding=\"async\" width=\"692\" height=\"692\" title=\"17444239 &#8211; an image of a man walking dogs.\" src=\"http:\/\/gocekanimalrescue.com\/wp-content\/uploads\/2019\/02\/17444239_s.jpg\" alt class=\"img-responsive wp-image-12508\" srcset=\"https:\/\/gocekanimalrescue.com\/wp-content\/uploads\/2019\/02\/17444239_s-200x200.jpg 200w, https:\/\/gocekanimalrescue.com\/wp-content\/uploads\/2019\/02\/17444239_s-400x400.jpg 400w, https:\/\/gocekanimalrescue.com\/wp-content\/uploads\/2019\/02\/17444239_s-600x600.jpg 600w, https:\/\/gocekanimalrescue.com\/wp-content\/uploads\/2019\/02\/17444239_s.jpg 692w\" sizes=\"(max-width: 800px) 100vw, 400px\" \/><\/span><\/div><ul style=\"--awb-line-height:23.8px;--awb-icon-width:23.8px;--awb-icon-height:23.8px;--awb-icon-margin:9.8px;--awb-content-margin:33.6px;--awb-circlecolor:#a0ce4e;--awb-circle-yes-font-size:12.32px;\" class=\"fusion-checklist fusion-checklist-1 fusion-checklist-default type-icons\"><li class=\"fusion-li-item\" style=\"\"><span class=\"icon-wrapper circle-yes\"><i class=\"fusion-li-icon fa-dog fas\" aria-hidden=\"true\"><\/i><\/span><div class=\"fusion-li-item-content\">\n<p>K\u00f6peklerimizi gezdirmek, taramak ve yavrularla oynamak i\u00e7in bize kat\u0131l\u0131n!<\/p>\n<\/div><\/li><li class=\"fusion-li-item\" style=\"\"><span class=\"icon-wrapper circle-yes\"><i class=\"fusion-li-icon fa-dog fas\" aria-hidden=\"true\"><\/i><\/span><div class=\"fusion-li-item-content\">\n<p>Her Cumartesi,11:00 \u2013 14:00 aras\u0131 biz oraday\u0131z; bekleriz.<\/p>\n<\/div><\/li><\/ul><div class=\"fusion-clearfix\"><\/div><\/div><\/div><div class=\"fusion-layout-column fusion_builder_column fusion-builder-column-5 fusion_builder_column_1_1 1_1 fusion-one-full fusion-column-first fusion-column-last\" style=\"--awb-bg-size:cover;\"><div class=\"fusion-column-wrapper fusion-flex-column-wrapper-legacy\"><div class=\"fusion-section-separator section-separator clouds fusion-section-separator-1\" style=\"--awb-spacer-height:99px;--awb-svg-margin-left:0;--awb-svg-margin-right:0;--awb-divider-height:99px;--awb-spacer-padding-top:inherit;--awb-sep-padding:0;--awb-svg-padding:0;\"><div class=\"fusion-section-separator-svg\"><svg class=\"fusion-clouds-candy\" xmlns=\"http:\/\/www.w3.org\/2000\/svg\" version=\"1.1\" width=\"100%\" height=\"100\" viewBox=\"0 0 100 100\" preserveAspectRatio=\"none\" fill=\"rgba(198,198,198,1)\"><path d=\"M-5 100 Q 0 20 5 100 Z\"><\/path>\n\t\t\t\t\t\t\t\t<path d=\"M0 100 Q 5 0 10 100\"><\/path>\n\t\t\t\t\t\t\t\t<path d=\"M5 100 Q 10 30 15 100\"><\/path>\n\t\t\t\t\t\t\t\t<path d=\"M10 100 Q 15 10 20 100\"><\/path>\n\t\t\t\t\t\t\t\t<path d=\"M15 100 Q 20 30 25 100\"><\/path>\n\t\t\t\t\t\t\t\t<path d=\"M20 100 Q 25 -10 30 100\"><\/path>\n\t\t\t\t\t\t\t\t<path d=\"M25 100 Q 30 10 35 100\"><\/path>\n\t\t\t\t\t\t\t\t<path d=\"M30 100 Q 35 30 40 100\"><\/path>\n\t\t\t\t\t\t\t\t<path d=\"M35 100 Q 40 10 45 100\"><\/path>\n\t\t\t\t\t\t\t\t<path d=\"M40 100 Q 45 50 50 100\"><\/path>\n\t\t\t\t\t\t\t\t<path d=\"M45 100 Q 50 20 55 100\"><\/path>\n\t\t\t\t\t\t\t\t<path d=\"M50 100 Q 55 40 60 100\"><\/path>\n\t\t\t\t\t\t\t\t<path d=\"M55 100 Q 60 60 65 100\"><\/path>\n\t\t\t\t\t\t\t\t<path d=\"M60 100 Q 65 50 70 100\"><\/path>\n\t\t\t\t\t\t\t\t<path d=\"M65 100 Q 70 20 75 100\"><\/path>\n\t\t\t\t\t\t\t\t<path d=\"M70 100 Q 75 45 80 100\"><\/path>\n\t\t\t\t\t\t\t\t<path d=\"M75 100 Q 80 30 85 100\"><\/path>\n\t\t\t\t\t\t\t\t<path d=\"M80 100 Q 85 20 90 100\"><\/path>\n\t\t\t\t\t\t\t\t<path d=\"M85 100 Q 90 50 95 100\"><\/path>\n\t\t\t\t\t\t\t\t<path d=\"M90 100 Q 95 25 100 100\"><\/path>\n\t\t\t\t\t\t\t\t<path d=\"M95 100 Q 100 15 105 100 Z\"><\/path><\/svg><\/div><div class=\"fusion-section-separator-spacer\"><div class=\"fusion-section-separator-spacer-height\"><\/div><\/div><\/div><div class=\"fusion-text fusion-text-12\"><h4 style=\"text-align: center;\">Bu Ay\u0131n Sponsor Yerel \u0130\u015fletmesi<\/h4>\n<\/div><div class=\"fusion-clearfix\"><\/div><\/div><\/div><\/div><\/div><div class=\"fusion-fullwidth fullwidth-box fusion-builder-row-3 nonhundred-percent-fullwidth non-hundred-percent-height-scrolling\" style=\"--awb-border-sizes-top:0px;--awb-border-sizes-bottom:0px;--awb-border-sizes-left:0px;--awb-border-sizes-right:0px;--awb-border-color:#a8a8a8;--awb-border-radius-top-left:0px;--awb-border-radius-top-right:0px;--awb-border-radius-bottom-right:0px;--awb-border-radius-bottom-left:0px;--awb-flex-wrap:wrap;\" ><div class=\"fusion-builder-row fusion-row\"><div class=\"fusion-layout-column fusion_builder_column fusion-builder-column-6 fusion_builder_column_1_1 1_1 fusion-one-full fusion-column-first fusion-column-last\" style=\"--awb-bg-size:cover;--awb-border-color:#707070;--awb-border-top:0;--awb-border-right:0;--awb-border-bottom:0;--awb-border-left:0;--awb-border-style:solid;\"><div class=\"fusion-column-wrapper fusion-flex-column-wrapper-legacy\"><div class=\"fusion-image-element in-legacy-container\" style=\"--awb-caption-title-font-family:var(--h2_typography-font-family);--awb-caption-title-font-weight:var(--h2_typography-font-weight);--awb-caption-title-font-style:var(--h2_typography-font-style);--awb-caption-title-size:var(--h2_typography-font-size);--awb-caption-title-transform:var(--h2_typography-text-transform);--awb-caption-title-line-height:var(--h2_typography-line-height);--awb-caption-title-letter-spacing:var(--h2_typography-letter-spacing);\"><span class=\" fusion-imageframe imageframe-none imageframe-6 hover-type-none fusion-animated\" data-animationType=\"flash\" data-animationDuration=\"0.3\" data-animationOffset=\"top-into-view\"><a class=\"fusion-no-lightbox\" href=\"http:\/\/www.sunbirdyachts.eu\/\" target=\"_blank\" aria-label=\"sunbird\" rel=\"noopener noreferrer\"><img decoding=\"async\" width=\"1024\" height=\"347\" src=\"http:\/\/gocekanimalrescue.com\/wp-content\/uploads\/2019\/03\/sunbird-1024x347.jpg\" alt class=\"img-responsive wp-image-12546\" srcset=\"https:\/\/gocekanimalrescue.com\/wp-content\/uploads\/2019\/03\/sunbird-200x68.jpg 200w, https:\/\/gocekanimalrescue.com\/wp-content\/uploads\/2019\/03\/sunbird-400x136.jpg 400w, https:\/\/gocekanimalrescue.com\/wp-content\/uploads\/2019\/03\/sunbird-600x204.jpg 600w, https:\/\/gocekanimalrescue.com\/wp-content\/uploads\/2019\/03\/sunbird-800x271.jpg 800w, https:\/\/gocekanimalrescue.com\/wp-content\/uploads\/2019\/03\/sunbird-1200x407.jpg 1200w, https:\/\/gocekanimalrescue.com\/wp-content\/uploads\/2019\/03\/sunbird.jpg 2865w\" sizes=\"(max-width: 800px) 100vw, 1200px\" \/><\/a><\/span><\/div><div class=\"fusion-text fusion-text-13\"><h4 style=\"text-align: center;\">Sunbird Web sitesine gitmek i\u00e7in yukar\u0131daki yatta t\u0131klay\u0131n<\/h4>\n<p><code><\/code><\/p>\n<\/div><div class=\"fusion-clearfix\"><\/div><\/div><\/div><div class=\"fusion-layout-column fusion_builder_column fusion-builder-column-7 fusion_builder_column_1_2 1_2 fusion-one-half fusion-column-first\" style=\"--awb-bg-size:cover;width:50%;width:calc(50% - ( ( 4% ) * 0.5 ) );margin-right: 4%;\"><div class=\"fusion-column-wrapper fusion-flex-column-wrapper-legacy\"><div class=\"fusion-image-element fusion-image-align-center in-legacy-container\" style=\"text-align:center;--awb-caption-title-font-family:var(--h2_typography-font-family);--awb-caption-title-font-weight:var(--h2_typography-font-weight);--awb-caption-title-font-style:var(--h2_typography-font-style);--awb-caption-title-size:var(--h2_typography-font-size);--awb-caption-title-transform:var(--h2_typography-text-transform);--awb-caption-title-line-height:var(--h2_typography-line-height);--awb-caption-title-letter-spacing:var(--h2_typography-letter-spacing);\"><div class=\"imageframe-align-center\"><span class=\" fusion-imageframe imageframe-none imageframe-7 hover-type-none\"><img decoding=\"async\" width=\"400\" height=\"295\" title=\"sunbirdadress\" src=\"http:\/\/gocekanimalrescue.com\/wp-content\/uploads\/2019\/03\/sunbirdadress-400x295.jpg\" alt class=\"img-responsive wp-image-12547\" srcset=\"https:\/\/gocekanimalrescue.com\/wp-content\/uploads\/2019\/03\/sunbirdadress-200x147.jpg 200w, https:\/\/gocekanimalrescue.com\/wp-content\/uploads\/2019\/03\/sunbirdadress-400x295.jpg 400w, https:\/\/gocekanimalrescue.com\/wp-content\/uploads\/2019\/03\/sunbirdadress.jpg 546w\" sizes=\"(max-width: 800px) 100vw, 400px\" \/><\/span><\/div><\/div><div class=\"fusion-clearfix\"><\/div><\/div><\/div><div class=\"fusion-layout-column fusion_builder_column fusion-builder-column-8 fusion_builder_column_1_2 1_2 fusion-one-half fusion-column-last\" style=\"--awb-bg-size:cover;width:50%;width:calc(50% - ( ( 4% ) * 0.5 ) );\"><div class=\"fusion-column-wrapper fusion-flex-column-wrapper-legacy\"><iframe src=\"https:\/\/www.google.com\/maps\/embed?pb=!1m18!1m12!1m3!1d3197.0077281689846!2d28.94084121528838!3d36.746385579959714!2m3!1f0!2f0!3f0!3m2!1i1024!2i768!4f13.1!3m3!1m2!1s0x14c0416191489b61:0x65c9b80c931248af!2zRC1NQVLEsE4gR8OWQ0VL!5e0!3m2!1sen!2str!4v1552230447957\" width=\"400\" height=\"300\" frameborder=\"0\" style=\"border:0\" allowfullscreen=\"\"><\/iframe><div class=\"fusion-clearfix\"><\/div><\/div><\/div><\/div><\/div><\/p>\n","protected":false},"excerpt":{"rendered":"","protected":false},"author":1,"featured_media":0,"parent":0,"menu_order":0,"comment_status":"closed","ping_status":"closed","template":"","meta":{"footnotes":""},"class_list":["post-12582","page","type-page","status-publish","hentry"],"_links":{"self":[{"href":"https:\/\/gocekanimalrescue.com\/tr\/wp-json\/wp\/v2\/pages\/12582","targetHints":{"allow":["GET"]}}],"collection":[{"href":"https:\/\/gocekanimalrescue.com\/tr\/wp-json\/wp\/v2\/pages"}],"about":[{"href":"https:\/\/gocekanimalrescue.com\/tr\/wp-json\/wp\/v2\/types\/page"}],"author":[{"embeddable":true,"href":"https:\/\/gocekanimalrescue.com\/tr\/wp-json\/wp\/v2\/users\/1"}],"replies":[{"embeddable":true,"href":"https:\/\/gocekanimalrescue.com\/tr\/wp-json\/wp\/v2\/comments?post=12582"}],"version-history":[{"count":31,"href":"https:\/\/gocekanimalrescue.com\/tr\/wp-json\/wp\/v2\/pages\/12582\/revisions"}],"predecessor-version":[{"id":13713,"href":"https:\/\/gocekanimalrescue.com\/tr\/wp-json\/wp\/v2\/pages\/12582\/revisions\/13713"}],"wp:attachment":[{"href":"https:\/\/gocekanimalrescue.com\/tr\/wp-json\/wp\/v2\/media?parent=12582"}],"curies":[{"name":"wp","href":"https:\/\/api.w.org\/{rel}","templated":true}]}}