{"id":12606,"date":"2019-02-15T17:04:51","date_gmt":"2019-02-15T14:04:51","guid":{"rendered":"http:\/\/gocekanimalrescue.com\/gonullu-olmak\/"},"modified":"2019-06-04T12:29:27","modified_gmt":"2019-06-04T09:29:27","slug":"gonullu-olmak","status":"publish","type":"page","link":"https:\/\/gocekanimalrescue.com\/tr\/gonullu-olmak\/","title":{"rendered":"G\u00f6n\u00fcll\u00fc Olmak"},"content":{"rendered":"<div class=\"fusion-fullwidth fullwidth-box fusion-builder-row-1 nonhundred-percent-fullwidth non-hundred-percent-height-scrolling\" style=\"--awb-border-radius-top-left:0px;--awb-border-radius-top-right:0px;--awb-border-radius-bottom-right:0px;--awb-border-radius-bottom-left:0px;--awb-flex-wrap:wrap;\" ><div class=\"fusion-builder-row fusion-row\"><div class=\"fusion-layout-column fusion_builder_column fusion-builder-column-0 fusion_builder_column_1_1 1_1 fusion-one-full fusion-column-first fusion-column-last\" style=\"--awb-bg-size:cover;\"><div class=\"fusion-column-wrapper fusion-flex-column-wrapper-legacy\"><div class=\"fusion-text fusion-text-1\"><h2 style=\"text-align: center;\">G\u00f6n\u00fcll\u00fcl\u00fck \u2013 Ger\u00e7ekten Yard\u0131ma \u0130htiyac\u0131m\u0131z Var!<\/h2>\n<\/div><div class=\"fusion-clearfix\"><\/div><\/div><\/div><div class=\"fusion-layout-column fusion_builder_column fusion-builder-column-1 fusion_builder_column_1_4 1_4 fusion-one-fourth fusion-column-first\" style=\"--awb-padding-right:5px;--awb-padding-left:5px;--awb-bg-color:rgba(146,193,93,0.52);--awb-bg-color-hover:rgba(146,193,93,0.52);--awb-bg-size:cover;width:25%;width:calc(25% - ( ( 4% + 4% + 4% ) * 0.25 ) );margin-right: 4%;\"><div class=\"fusion-column-wrapper fusion-flex-column-wrapper-legacy\"><div class=\"fusion-text fusion-text-2\"><h3 style=\"text-align: center;\">K\u00f6pek Y\u00fcr\u00fcy\u00fc\u015fleri<\/h3>\n<p>Her Cumartesi, k\u0131\u015f\u0131n 11:00, yaz\u0131n 10:00\u2019dan sonra k\u00f6peklerimizi y\u00fcr\u00fct\u00fcyoruz. Gidi\u015f d\u00f6n\u00fc\u015f yakla\u015f\u0131k 20 dakika s\u00fcren \u015fahane bir da\u011f yolumuz var. gezdirece\u011finiz k\u00f6pe\u011fe ve tabi ki size ba\u011fl\u0131 ne kadar vakit ge\u00e7irece\u011finiz. Hem siz hem de k\u00f6peklerimiz i\u00e7in muhte\u015fem bir idman.<\/p>\n<p>Neredeyse 10 y\u0131ld\u0131r d\u00fczenledi\u011fimiz bu y\u00fcr\u00fcy\u00fc\u015fler k\u00f6peklerimiz i\u00e7in sadece idman de\u011fil k\u0131sa da olsa insanlarla bir araya gelme ve ilgi ve sevgi g\u00f6rme f\u0131rsat\u0131.<\/p>\n<p>Sizler i\u00e7in de yard\u0131ma ihtiyac\u0131 olan bir canl\u0131ya yard\u0131m eli uzatman\u0131n verdi\u011fi mutluluk. \u00dcstelik deneyimli ekibimiz ve g\u00f6n\u00fcll\u00fclerimiz size her konuda yard\u0131ma haz\u0131r olacaklar.<\/p>\n<p>L\u00fctfen y\u00fcr\u00fcy\u00fc\u015flere kat\u0131lmak i\u00e7in bizi aray\u0131n.<br \/>\n<code><\/p>\n<\/div><div class=\"fusion-image-element in-legacy-container\" style=\"--awb-caption-title-font-family:var(--h2_typography-font-family);--awb-caption-title-font-weight:var(--h2_typography-font-weight);--awb-caption-title-font-style:var(--h2_typography-font-style);--awb-caption-title-size:var(--h2_typography-font-size);--awb-caption-title-transform:var(--h2_typography-text-transform);--awb-caption-title-line-height:var(--h2_typography-line-height);--awb-caption-title-letter-spacing:var(--h2_typography-letter-spacing);\"><span class=\" fusion-imageframe imageframe-none imageframe-1 hover-type-none\"><img decoding=\"async\" width=\"692\" height=\"692\" title=\"17444239 &#8211; an image of a man walking dogs.\" src=\"http:\/\/gocekanimalrescue.com\/wp-content\/uploads\/2019\/02\/17444239_s.jpg\" alt class=\"img-responsive wp-image-12031 \" srcset=\"https:\/\/gocekanimalrescue.com\/wp-content\/uploads\/2019\/02\/17444239_s-200x200.jpg 200w, https:\/\/gocekanimalrescue.com\/wp-content\/uploads\/2019\/02\/17444239_s-400x400.jpg 400w, https:\/\/gocekanimalrescue.com\/wp-content\/uploads\/2019\/02\/17444239_s-600x600.jpg 600w, https:\/\/gocekanimalrescue.com\/wp-content\/uploads\/2019\/02\/17444239_s.jpg 692w\" sizes=\"(max-width: 800px) 100vw, 400px\" \/><\/span><\/div><div class=\"fusion-section-separator section-separator clouds fusion-section-separator-1\" style=\"--awb-spacer-height:99px;--awb-svg-margin-left:0;--awb-svg-margin-right:0;--awb-divider-height:99px;--awb-spacer-padding-top:inherit;--awb-sep-padding:0;--awb-svg-padding:0;\"><div class=\"fusion-section-separator-svg\"><svg class=\"fusion-clouds-candy\" xmlns=\"http:\/\/www.w3.org\/2000\/svg\" version=\"1.1\" width=\"100%\" height=\"100\" viewBox=\"0 0 100 100\" preserveAspectRatio=\"none\" fill=\"rgba(139,195,74,1)\"><path d=\"M-5 100 Q 0 20 5 100 Z\"><\/path>\n\t\t\t\t\t\t\t\t<path d=\"M0 100 Q 5 0 10 100\"><\/path>\n\t\t\t\t\t\t\t\t<path d=\"M5 100 Q 10 30 15 100\"><\/path>\n\t\t\t\t\t\t\t\t<path d=\"M10 100 Q 15 10 20 100\"><\/path>\n\t\t\t\t\t\t\t\t<path d=\"M15 100 Q 20 30 25 100\"><\/path>\n\t\t\t\t\t\t\t\t<path d=\"M20 100 Q 25 -10 30 100\"><\/path>\n\t\t\t\t\t\t\t\t<path d=\"M25 100 Q 30 10 35 100\"><\/path>\n\t\t\t\t\t\t\t\t<path d=\"M30 100 Q 35 30 40 100\"><\/path>\n\t\t\t\t\t\t\t\t<path d=\"M35 100 Q 40 10 45 100\"><\/path>\n\t\t\t\t\t\t\t\t<path d=\"M40 100 Q 45 50 50 100\"><\/path>\n\t\t\t\t\t\t\t\t<path d=\"M45 100 Q 50 20 55 100\"><\/path>\n\t\t\t\t\t\t\t\t<path d=\"M50 100 Q 55 40 60 100\"><\/path>\n\t\t\t\t\t\t\t\t<path d=\"M55 100 Q 60 60 65 100\"><\/path>\n\t\t\t\t\t\t\t\t<path d=\"M60 100 Q 65 50 70 100\"><\/path>\n\t\t\t\t\t\t\t\t<path d=\"M65 100 Q 70 20 75 100\"><\/path>\n\t\t\t\t\t\t\t\t<path d=\"M70 100 Q 75 45 80 100\"><\/path>\n\t\t\t\t\t\t\t\t<path d=\"M75 100 Q 80 30 85 100\"><\/path>\n\t\t\t\t\t\t\t\t<path d=\"M80 100 Q 85 20 90 100\"><\/path>\n\t\t\t\t\t\t\t\t<path d=\"M85 100 Q 90 50 95 100\"><\/path>\n\t\t\t\t\t\t\t\t<path d=\"M90 100 Q 95 25 100 100\"><\/path>\n\t\t\t\t\t\t\t\t<path d=\"M95 100 Q 100 15 105 100 Z\"><\/path><\/svg><\/div><div class=\"fusion-section-separator-spacer\"><div class=\"fusion-section-separator-spacer-height\"><\/div><\/div><\/div><div class=\"fusion-clearfix\"><\/div><\/div><\/div><div class=\"fusion-layout-column fusion_builder_column fusion-builder-column-2 fusion_builder_column_1_4 1_4 fusion-one-fourth\" style=\"--awb-bg-size:cover;width:25%;width:calc(25% - ( ( 4% + 4% + 4% ) * 0.25 ) );margin-right: 4%;\"><div class=\"fusion-column-wrapper fusion-flex-column-wrapper-legacy\"><div class=\"fusion-text fusion-text-3\"><p><code><\/code><\/code><\/p>\n<\/div><div class=\"fusion-image-element in-legacy-container\" style=\"--awb-caption-title-font-family:var(--h2_typography-font-family);--awb-caption-title-font-weight:var(--h2_typography-font-weight);--awb-caption-title-font-style:var(--h2_typography-font-style);--awb-caption-title-size:var(--h2_typography-font-size);--awb-caption-title-transform:var(--h2_typography-text-transform);--awb-caption-title-line-height:var(--h2_typography-line-height);--awb-caption-title-letter-spacing:var(--h2_typography-letter-spacing);\"><span class=\" fusion-imageframe imageframe-none imageframe-2 hover-type-none\"><img decoding=\"async\" width=\"640\" height=\"580\" title=\"gingerfoster\" src=\"http:\/\/gocekanimalrescue.com\/wp-content\/uploads\/2019\/02\/gingerfoster.jpg\" alt class=\"img-responsive wp-image-12520\" srcset=\"https:\/\/gocekanimalrescue.com\/wp-content\/uploads\/2019\/02\/gingerfoster-200x181.jpg 200w, https:\/\/gocekanimalrescue.com\/wp-content\/uploads\/2019\/02\/gingerfoster-400x363.jpg 400w, https:\/\/gocekanimalrescue.com\/wp-content\/uploads\/2019\/02\/gingerfoster-600x544.jpg 600w, https:\/\/gocekanimalrescue.com\/wp-content\/uploads\/2019\/02\/gingerfoster.jpg 640w\" sizes=\"(max-width: 800px) 100vw, 400px\" \/><\/span><\/div><div class=\"fusion-text fusion-text-4\"><h3 style=\"text-align: center;\">Ge\u00e7ici Koruyucu Ailelik<\/h3>\n<p><em>Bar\u0131nak hayat\u0131 k\u00f6pekler i\u00e7in asla ideal bir hayat de\u011fil ama baz\u0131 k\u00f6peklerimiz bu hayata \u00e7abucak adapte olup ya\u015fayabiliyorken baz\u0131lar\u0131 \u00e7ok zorlanabliyor. \u00d6zellikle yavru, \u00e7ok gen\u00e7, bizden \u00f6nceki hayat\u0131nda taciz edilmi\u015f, hasta veya sakat k\u00f6peklerimiz \u00f6zel ilgi ve bak\u0131ma ihtiya\u00e7 duyabiliyor ve bunu bar\u0131nakta sa\u011flamak \u00e7ok zor. E\u011fer ya\u015fam ko\u015fullar\u0131n\u0131z uygunsa koruyucu ailelik yapmak isteyebilirsiniz. K\u00f6pek sahibi olmak gibi uzun vadeli bir sorumluluk olmamakla beraber k\u0131s\u0131tl\u0131 bir s\u00fcre i\u00e7in bile olsa bir k\u00f6pekle ya\u015faman\u0131n nas\u0131l bir deneyim oldu\u011funu g\u00f6rmenizi sa\u011flayacak ge\u00e7ici misafirinizi de inan\u0131lmaz mutlu edecek bir uygulama.<\/em><\/p>\n<p><em>Derne\u011fimiz sadece bak\u0131m masraflar\u0131n\u0131 \u00fcslenmekle kalmayacak istedi\u011finiz zaman size her t\u00fcrl\u00fc bilgi ve deste\u011fi vermeye de haz\u0131r olacak.<\/em><\/p>\n<p><em>Ge\u00e7ici koruyucu aile olmak hem sizin hem de emanet ald\u0131\u011f\u0131n\u0131z k\u00f6pek i\u00e7in son derece faydal\u0131 bir deneyim. G\u00f6cek\u2019te ya\u015f\u0131yorsan\u0131z ve bu i\u015f tam bana g\u00f6re diyorsan\u0131z l\u00fctfen bizimle irtibata ge\u00e7in.<\/em><\/p>\n<\/div><div class=\"fusion-image-element in-legacy-container\" style=\"--awb-caption-title-font-family:var(--h2_typography-font-family);--awb-caption-title-font-weight:var(--h2_typography-font-weight);--awb-caption-title-font-style:var(--h2_typography-font-style);--awb-caption-title-size:var(--h2_typography-font-size);--awb-caption-title-transform:var(--h2_typography-text-transform);--awb-caption-title-line-height:var(--h2_typography-line-height);--awb-caption-title-letter-spacing:var(--h2_typography-letter-spacing);\"><span class=\" fusion-imageframe imageframe-none imageframe-3 hover-type-none\"><img decoding=\"async\" width=\"640\" height=\"428\" title=\"topalfoster\" src=\"http:\/\/gocekanimalrescue.com\/wp-content\/uploads\/2019\/02\/topalfoster.jpg\" alt class=\"img-responsive wp-image-12521\" srcset=\"https:\/\/gocekanimalrescue.com\/wp-content\/uploads\/2019\/02\/topalfoster-200x134.jpg 200w, https:\/\/gocekanimalrescue.com\/wp-content\/uploads\/2019\/02\/topalfoster-400x268.jpg 400w, https:\/\/gocekanimalrescue.com\/wp-content\/uploads\/2019\/02\/topalfoster-600x401.jpg 600w, https:\/\/gocekanimalrescue.com\/wp-content\/uploads\/2019\/02\/topalfoster.jpg 640w\" sizes=\"(max-width: 800px) 100vw, 400px\" \/><\/span><\/div><div class=\"fusion-clearfix\"><\/div><\/div><\/div><div class=\"fusion-layout-column fusion_builder_column fusion-builder-column-3 fusion_builder_column_1_4 1_4 fusion-one-fourth\" style=\"--awb-padding-right:5px;--awb-padding-left:5px;--awb-bg-color:rgba(144,193,87,0.54);--awb-bg-color-hover:rgba(144,193,87,0.54);--awb-bg-size:cover;width:25%;width:calc(25% - ( ( 4% + 4% + 4% ) * 0.25 ) );margin-right: 4%;\"><div class=\"fusion-column-wrapper fusion-flex-column-wrapper-legacy\"><div class=\"fusion-text fusion-text-5\"><h3 style=\"text-align: center;\">K\u00f6peklerin Bak\u0131m\u0131 ve Sosyalle\u015fmesi<\/h3>\n<p>K\u00f6peklerimizin \u00e7o\u011funun taranmaya ihtiyac\u0131 var. 230 \u00fcst\u00fc bir n\u00fcfus ve k\u0131s\u0131tl\u0131 g\u00f6n\u00fcll\u00fc olunca bu ger\u00e7ekten \u00e7ok zor bir i\u015f. Yard\u0131mc\u0131 olurum diyorsan\u0131z l\u00fctfen bizi aray\u0131n. K\u00f6peklerimizin hemen hepsi dost canl\u0131s\u0131 ve iyi huylu ama yine de sizi yanl\u0131z b\u0131rakmayaca\u011f\u0131z, merak etmeyin.<\/p>\n<\/div><div class=\"fusion-image-element in-legacy-container\" style=\"--awb-caption-title-font-family:var(--h2_typography-font-family);--awb-caption-title-font-weight:var(--h2_typography-font-weight);--awb-caption-title-font-style:var(--h2_typography-font-style);--awb-caption-title-size:var(--h2_typography-font-size);--awb-caption-title-transform:var(--h2_typography-text-transform);--awb-caption-title-line-height:var(--h2_typography-line-height);--awb-caption-title-letter-spacing:var(--h2_typography-letter-spacing);\"><span class=\" fusion-imageframe imageframe-none imageframe-4 hover-type-none\"><img decoding=\"async\" width=\"640\" height=\"427\" title=\"handlingpuppies\" src=\"http:\/\/gocekanimalrescue.com\/wp-content\/uploads\/2019\/02\/handlingpuppies.jpg\" alt class=\"img-responsive wp-image-12518\" srcset=\"https:\/\/gocekanimalrescue.com\/wp-content\/uploads\/2019\/02\/handlingpuppies-200x133.jpg 200w, https:\/\/gocekanimalrescue.com\/wp-content\/uploads\/2019\/02\/handlingpuppies-400x267.jpg 400w, https:\/\/gocekanimalrescue.com\/wp-content\/uploads\/2019\/02\/handlingpuppies-600x400.jpg 600w, https:\/\/gocekanimalrescue.com\/wp-content\/uploads\/2019\/02\/handlingpuppies.jpg 640w\" sizes=\"(max-width: 800px) 100vw, 400px\" \/><\/span><\/div><div class=\"fusion-text fusion-text-6\"><p><code> <\/code><\/p>\n<p style=\"text-align: left;\">K\u00f6peklerimizin hemen hepsi dost canl\u0131s\u0131 ve iyi huylu ama yine de sizi yanl\u0131z b\u0131rakmayaca\u011f\u0131z, merak etmeyin. K\u00f6peklerimizin hepsi sevgi, ilgi ve \u015fefkate hasret. Hepsi insan dostlar\u0131n\u0131n onlar\u0131 ziyaret etmesini bekliyor. Biz elimizden geleni yap\u0131yoruz ama n\u00fcfus bu kadar kalabal\u0131k olunca hepsine yeti\u015fmek m\u00fcmk\u00fcn olmuyor. Onlarla zaman ge\u00e7irilmesi ve \u015fevkat g\u00f6sterilmesi \u00e7ok \u00f6nemli. \u00d6zellikle yavru k\u00f6peklerin gen\u00e7 ya\u015fta insan ilgi ve sevgisine al\u0131\u015fmas\u0131 ileride kolay sahiplenmeleri i\u00e7in en m\u00fchim fakt\u00f6r. E\u011fer bize zaman biraz verebilir d\u00fc\u015f\u00fcn\u00fcyorsan\u0131z bu y\u00fczden bize ula\u015f\u0131n l\u00fctfen bu konuda yard\u0131ma ihtiyac\u0131m\u0131z var.<\/p>\n<p><code><\/code><\/p>\n<\/div><div class=\"fusion-section-separator section-separator clouds fusion-section-separator-2\" style=\"--awb-spacer-height:99px;--awb-svg-margin-left:0;--awb-svg-margin-right:0;--awb-divider-height:99px;--awb-spacer-padding-top:inherit;--awb-sep-padding:0;--awb-svg-padding:0;\"><div class=\"fusion-section-separator-svg\"><svg class=\"fusion-clouds-candy\" xmlns=\"http:\/\/www.w3.org\/2000\/svg\" version=\"1.1\" width=\"100%\" height=\"100\" viewBox=\"0 0 100 100\" preserveAspectRatio=\"none\" fill=\"rgba(139,195,74,1)\"><path d=\"M-5 100 Q 0 20 5 100 Z\"><\/path>\n\t\t\t\t\t\t\t\t<path d=\"M0 100 Q 5 0 10 100\"><\/path>\n\t\t\t\t\t\t\t\t<path d=\"M5 100 Q 10 30 15 100\"><\/path>\n\t\t\t\t\t\t\t\t<path d=\"M10 100 Q 15 10 20 100\"><\/path>\n\t\t\t\t\t\t\t\t<path d=\"M15 100 Q 20 30 25 100\"><\/path>\n\t\t\t\t\t\t\t\t<path d=\"M20 100 Q 25 -10 30 100\"><\/path>\n\t\t\t\t\t\t\t\t<path d=\"M25 100 Q 30 10 35 100\"><\/path>\n\t\t\t\t\t\t\t\t<path d=\"M30 100 Q 35 30 40 100\"><\/path>\n\t\t\t\t\t\t\t\t<path d=\"M35 100 Q 40 10 45 100\"><\/path>\n\t\t\t\t\t\t\t\t<path d=\"M40 100 Q 45 50 50 100\"><\/path>\n\t\t\t\t\t\t\t\t<path d=\"M45 100 Q 50 20 55 100\"><\/path>\n\t\t\t\t\t\t\t\t<path d=\"M50 100 Q 55 40 60 100\"><\/path>\n\t\t\t\t\t\t\t\t<path d=\"M55 100 Q 60 60 65 100\"><\/path>\n\t\t\t\t\t\t\t\t<path d=\"M60 100 Q 65 50 70 100\"><\/path>\n\t\t\t\t\t\t\t\t<path d=\"M65 100 Q 70 20 75 100\"><\/path>\n\t\t\t\t\t\t\t\t<path d=\"M70 100 Q 75 45 80 100\"><\/path>\n\t\t\t\t\t\t\t\t<path d=\"M75 100 Q 80 30 85 100\"><\/path>\n\t\t\t\t\t\t\t\t<path d=\"M80 100 Q 85 20 90 100\"><\/path>\n\t\t\t\t\t\t\t\t<path d=\"M85 100 Q 90 50 95 100\"><\/path>\n\t\t\t\t\t\t\t\t<path d=\"M90 100 Q 95 25 100 100\"><\/path>\n\t\t\t\t\t\t\t\t<path d=\"M95 100 Q 100 15 105 100 Z\"><\/path><\/svg><\/div><div class=\"fusion-section-separator-spacer\"><div class=\"fusion-section-separator-spacer-height\"><\/div><\/div><\/div><div class=\"fusion-clearfix\"><\/div><\/div><\/div><div class=\"fusion-layout-column fusion_builder_column fusion-builder-column-4 fusion_builder_column_1_4 1_4 fusion-one-fourth fusion-column-last\" style=\"--awb-padding-right:0px;--awb-padding-left:0px;--awb-bg-size:cover;width:25%;width:calc(25% - ( ( 4% + 4% + 4% ) * 0.25 ) );\"><div class=\"fusion-column-wrapper fusion-flex-column-wrapper-legacy\"><div class=\"fusion-text fusion-text-7\"><p><code><\/code><\/p>\n<\/div><div class=\"fusion-image-element in-legacy-container\" style=\"--awb-caption-title-font-family:var(--h2_typography-font-family);--awb-caption-title-font-weight:var(--h2_typography-font-weight);--awb-caption-title-font-style:var(--h2_typography-font-style);--awb-caption-title-size:var(--h2_typography-font-size);--awb-caption-title-transform:var(--h2_typography-text-transform);--awb-caption-title-line-height:var(--h2_typography-line-height);--awb-caption-title-letter-spacing:var(--h2_typography-letter-spacing);\"><span class=\" fusion-imageframe imageframe-none imageframe-5 hover-type-none\"><img decoding=\"async\" width=\"500\" height=\"667\" title=\"flightdogs\" src=\"http:\/\/gocekanimalrescue.com\/wp-content\/uploads\/2019\/02\/flightdogs-e1550317514127.jpg\" alt class=\"img-responsive wp-image-12519\"\/><\/span><\/div><div class=\"fusion-text fusion-text-8\"><h3 style=\"text-align: center;\">U\u00e7u\u015f G\u00f6n\u00fcll\u00fcs\u00fc Olmak<\/h3>\n<p><em>K\u00f6peklerimizin \u00e7o\u011fu Avrupa\u2019da sahipleniyor ve yeni evlerine havayoluyla gidiyorlar. U\u00e7u\u015f g\u00f6n\u00fcll\u00fclerinin yapmas\u0131 gereken tek \u015fey bizi aramak ve var\u0131\u015f noktas\u0131nda k\u00f6pe\u011fin yetkili ki\u015filere sa\u011f salim teslim edildi\u011finden emin olmak.<\/em><\/p>\n<p><em>U i\u015fin hi\u00e7bir zorlu\u011fu yok; \u00e7\u00fcnk\u00fc derne\u011fimiz t\u00fcm resmi i\u015flemleri yap\u0131yor, hem kalk\u0131\u015fta hem de var\u0131\u015fta bu konuda uzman ki\u015filer yan\u0131n\u0131zda bulunuyor. K\u00f6pe\u011fin t\u00fcm u\u00e7u\u015f masraflar\u0131 taraf\u0131m\u0131zdan kar\u015f\u0131lan\u0131yor. Onlar\u0131n ger\u00e7ek bir aileye s\u0131cak bir yuvaya kavu\u015fmalar\u0131na katk\u0131da bulunuyor olmak size \u00e7ok mutlu edebilir.<\/em><\/p>\n<p><em>U\u00e7u\u015f g\u00f6n\u00fcll\u00fcs\u00fc olmak isterseniz detayl\u0131 bilgi i\u00e7in l\u00fctfen bizimle irtibata ge\u00e7in.<\/em><\/p>\n<\/div><div class=\"fusion-clearfix\"><\/div><\/div><\/div><div class=\"fusion-layout-column fusion_builder_column fusion-builder-column-5 fusion_builder_column_1_1 1_1 fusion-one-full fusion-column-first fusion-column-last\" style=\"--awb-bg-size:cover;\"><div class=\"fusion-column-wrapper fusion-flex-column-wrapper-legacy\"><div class=\"fusion-section-separator section-separator clouds fusion-section-separator-3\" style=\"--awb-spacer-height:99px;--awb-svg-margin-left:0;--awb-svg-margin-right:0;--awb-divider-height:99px;--awb-spacer-padding-top:inherit;--awb-sep-padding:0;--awb-svg-padding:0;\"><div class=\"fusion-section-separator-svg\"><svg class=\"fusion-clouds-candy\" xmlns=\"http:\/\/www.w3.org\/2000\/svg\" version=\"1.1\" width=\"100%\" height=\"100\" viewBox=\"0 0 100 100\" preserveAspectRatio=\"none\" fill=\"rgba(175,175,175,0.7)\"><path d=\"M-5 100 Q 0 20 5 100 Z\"><\/path>\n\t\t\t\t\t\t\t\t<path d=\"M0 100 Q 5 0 10 100\"><\/path>\n\t\t\t\t\t\t\t\t<path d=\"M5 100 Q 10 30 15 100\"><\/path>\n\t\t\t\t\t\t\t\t<path d=\"M10 100 Q 15 10 20 100\"><\/path>\n\t\t\t\t\t\t\t\t<path d=\"M15 100 Q 20 30 25 100\"><\/path>\n\t\t\t\t\t\t\t\t<path d=\"M20 100 Q 25 -10 30 100\"><\/path>\n\t\t\t\t\t\t\t\t<path d=\"M25 100 Q 30 10 35 100\"><\/path>\n\t\t\t\t\t\t\t\t<path d=\"M30 100 Q 35 30 40 100\"><\/path>\n\t\t\t\t\t\t\t\t<path d=\"M35 100 Q 40 10 45 100\"><\/path>\n\t\t\t\t\t\t\t\t<path d=\"M40 100 Q 45 50 50 100\"><\/path>\n\t\t\t\t\t\t\t\t<path d=\"M45 100 Q 50 20 55 100\"><\/path>\n\t\t\t\t\t\t\t\t<path d=\"M50 100 Q 55 40 60 100\"><\/path>\n\t\t\t\t\t\t\t\t<path d=\"M55 100 Q 60 60 65 100\"><\/path>\n\t\t\t\t\t\t\t\t<path d=\"M60 100 Q 65 50 70 100\"><\/path>\n\t\t\t\t\t\t\t\t<path d=\"M65 100 Q 70 20 75 100\"><\/path>\n\t\t\t\t\t\t\t\t<path d=\"M70 100 Q 75 45 80 100\"><\/path>\n\t\t\t\t\t\t\t\t<path d=\"M75 100 Q 80 30 85 100\"><\/path>\n\t\t\t\t\t\t\t\t<path d=\"M80 100 Q 85 20 90 100\"><\/path>\n\t\t\t\t\t\t\t\t<path d=\"M85 100 Q 90 50 95 100\"><\/path>\n\t\t\t\t\t\t\t\t<path d=\"M90 100 Q 95 25 100 100\"><\/path>\n\t\t\t\t\t\t\t\t<path d=\"M95 100 Q 100 15 105 100 Z\"><\/path><\/svg><\/div><div class=\"fusion-section-separator-spacer\"><div class=\"fusion-section-separator-spacer-height\"><\/div><\/div><\/div><div class=\"fusion-text fusion-text-9\"><h2 style=\"text-align: center;\">Halk ve tatil ziyaret\u00e7ileri-t\u00fcm Hayvansal severler ho\u015f geldiniz!<\/h2>\n<\/div><div class=\"fusion-clearfix\"><\/div><\/div><\/div><\/div><\/div>\n","protected":false},"excerpt":{"rendered":"","protected":false},"author":1,"featured_media":0,"parent":0,"menu_order":0,"comment_status":"closed","ping_status":"closed","template":"","meta":{"footnotes":""},"class_list":["post-12606","page","type-page","status-publish","hentry"],"_links":{"self":[{"href":"https:\/\/gocekanimalrescue.com\/tr\/wp-json\/wp\/v2\/pages\/12606","targetHints":{"allow":["GET"]}}],"collection":[{"href":"https:\/\/gocekanimalrescue.com\/tr\/wp-json\/wp\/v2\/pages"}],"about":[{"href":"https:\/\/gocekanimalrescue.com\/tr\/wp-json\/wp\/v2\/types\/page"}],"author":[{"embeddable":true,"href":"https:\/\/gocekanimalrescue.com\/tr\/wp-json\/wp\/v2\/users\/1"}],"replies":[{"embeddable":true,"href":"https:\/\/gocekanimalrescue.com\/tr\/wp-json\/wp\/v2\/comments?post=12606"}],"version-history":[{"count":5,"href":"https:\/\/gocekanimalrescue.com\/tr\/wp-json\/wp\/v2\/pages\/12606\/revisions"}],"predecessor-version":[{"id":12613,"href":"https:\/\/gocekanimalrescue.com\/tr\/wp-json\/wp\/v2\/pages\/12606\/revisions\/12613"}],"wp:attachment":[{"href":"https:\/\/gocekanimalrescue.com\/tr\/wp-json\/wp\/v2\/media?parent=12606"}],"curies":[{"name":"wp","href":"https:\/\/api.w.org\/{rel}","templated":true}]}}