{"id":12614,"date":"2019-02-11T14:12:42","date_gmt":"2019-02-11T11:12:42","guid":{"rendered":"http:\/\/gocekanimalrescue.com\/bagis-veya-sponsor\/"},"modified":"2023-12-18T12:58:34","modified_gmt":"2023-12-18T09:58:34","slug":"bagis-veya-sponsor","status":"publish","type":"page","link":"https:\/\/gocekanimalrescue.com\/tr\/bagis-veya-sponsor\/","title":{"rendered":"Ba\u011f\u0131\u015f"},"content":{"rendered":"<div class=\"fusion-fullwidth fullwidth-box fusion-builder-row-1 nonhundred-percent-fullwidth non-hundred-percent-height-scrolling\" style=\"--awb-border-radius-top-left:0px;--awb-border-radius-top-right:0px;--awb-border-radius-bottom-right:0px;--awb-border-radius-bottom-left:0px;--awb-background-color:rgba(255,255,255,0.52);--awb-flex-wrap:wrap;\" ><div class=\"fusion-builder-row fusion-row\"><div class=\"fusion-layout-column fusion_builder_column fusion-builder-column-0 fusion_builder_column_1_1 1_1 fusion-one-full fusion-column-first fusion-column-last\" style=\"--awb-bg-size:cover;\"><div class=\"fusion-column-wrapper fusion-flex-column-wrapper-legacy\"><div class=\"fusion-text fusion-text-1\"><h2 style=\"text-align: center;\">Bu nas\u0131l ancak b\u00fcy\u00fck veya k\u00fc\u00e7\u00fck bir ba\u011f\u0131\u015f yapabilirsiniz<\/h2>\n<h2><\/h2>\n<\/div><div class=\"fusion-text fusion-text-2\"><p style=\"text-align: center;\"><em>Uluslararas\u0131 Banka \u00fccretleri T\u00fcrk hesab\u0131m\u0131za olduk\u00e7a y\u00fcksek olabilir. PayPal tesisimizi kullanmay\u0131 veya bize biraz yiyecek g\u00f6ndermeyi veya <a href=\"https:\/\/transferwise.com\">https:\/\/TransferWise.com<\/a> gibi d\u00fc\u015f\u00fck maliyetli transfer \u015firketlerinden birini kullanmay\u0131 tercih edebilirsiniz. <\/em><\/p>\n<\/div><div class=\"fusion-clearfix\"><\/div><\/div><\/div><div class=\"fusion-layout-column fusion_builder_column fusion-builder-column-1 fusion_builder_column_1_3 1_3 fusion-one-third fusion-column-first\" style=\"--awb-bg-size:cover;--awb-margin-bottom:0px;width:33.333333333333%;width:calc(33.333333333333% - ( ( 4% + 4% ) * 0.33333333333333 ) );margin-right: 4%;\"><div class=\"fusion-column-wrapper fusion-flex-column-wrapper-legacy\"><div class=\"fusion-image-element in-legacy-container\" style=\"--awb-caption-title-font-family:var(--h2_typography-font-family);--awb-caption-title-font-weight:var(--h2_typography-font-weight);--awb-caption-title-font-style:var(--h2_typography-font-style);--awb-caption-title-size:var(--h2_typography-font-size);--awb-caption-title-transform:var(--h2_typography-text-transform);--awb-caption-title-line-height:var(--h2_typography-line-height);--awb-caption-title-letter-spacing:var(--h2_typography-letter-spacing);\"><span class=\" fusion-imageframe imageframe-none imageframe-1 hover-type-none\"><img decoding=\"async\" width=\"692\" height=\"692\" title=\"Funny dogs family, sketch for your design\" src=\"http:\/\/gocekanimalrescue.com\/wp-content\/uploads\/2019\/02\/catanddogpyramid.jpg\" alt class=\"img-responsive wp-image-12509\" srcset=\"https:\/\/gocekanimalrescue.com\/wp-content\/uploads\/2019\/02\/catanddogpyramid-200x200.jpg 200w, https:\/\/gocekanimalrescue.com\/wp-content\/uploads\/2019\/02\/catanddogpyramid-400x400.jpg 400w, https:\/\/gocekanimalrescue.com\/wp-content\/uploads\/2019\/02\/catanddogpyramid-600x600.jpg 600w, https:\/\/gocekanimalrescue.com\/wp-content\/uploads\/2019\/02\/catanddogpyramid.jpg 692w\" sizes=\"(max-width: 800px) 100vw, 400px\" \/><\/span><\/div><div class=\"fusion-clearfix\"><\/div><\/div><\/div><div class=\"fusion-layout-column fusion_builder_column fusion-builder-column-2 fusion_builder_column_1_3 1_3 fusion-one-third\" style=\"--awb-bg-size:cover;--awb-margin-bottom:0px;width:33.333333333333%;width:calc(33.333333333333% - ( ( 4% + 4% ) * 0.33333333333333 ) );margin-right: 4%;\"><div class=\"fusion-column-wrapper fusion-flex-column-wrapper-legacy\"><div class=\"fusion-text fusion-text-3\"><p><span data-nosnippet=\"\">\u00a0<\/span><\/p>\n<p class=\"p1\" style=\"text-align: center;\"><b>Banka Havalesi Hesap Bilgilerimiz<\/b><\/p>\n<p class=\"p2\" style=\"text-align: center;\">GOCEK DOGA VE HAYVAN DOSTLARI DERNEGI<\/p>\n<p style=\"font-weight: 400; text-align: center;\">GOCEK MAH SAHIL CAD FETHIYE MUGLA TURKIYE<\/p>\n<p class=\"p2\" style=\"text-align: center;\">YAPI KRED\u0130 BANKASI\/G\u00f6cek \u015eubesi\/T\u00fcrkiye<\/p>\n<p class=\"p2\" style=\"text-align: center;\">SWIFT CODE : YAPITRIS<\/p>\n<p style=\"text-align: center;\">IBAN NO (TL) : TR 48 000 6701 0000 000 7230 6138<\/p>\n<p style=\"text-align: center;\">IBAN NO (EURO) : TR 21 000 6701 0000 000 8451 4559<\/p>\n<p style=\"text-align: center;\">IBAN NO (GBP) : TR 43 000 6701 0000 000 8451 4551<\/p>\n<\/div><div class=\"fusion-text fusion-text-4\"><p><code> <\/code><\/p>\n<\/div><div class=\"fusion-clearfix\"><\/div><\/div><\/div><div class=\"fusion-layout-column fusion_builder_column fusion-builder-column-3 fusion_builder_column_1_3 1_3 fusion-one-third fusion-column-last\" style=\"--awb-bg-size:cover;--awb-margin-bottom:0px;width:33.333333333333%;width:calc(33.333333333333% - ( ( 4% + 4% ) * 0.33333333333333 ) );\"><div class=\"fusion-column-wrapper fusion-flex-column-wrapper-legacy\"><div class=\"fusion-image-element in-legacy-container\" style=\"--awb-caption-title-font-family:var(--h2_typography-font-family);--awb-caption-title-font-weight:var(--h2_typography-font-weight);--awb-caption-title-font-style:var(--h2_typography-font-style);--awb-caption-title-size:var(--h2_typography-font-size);--awb-caption-title-transform:var(--h2_typography-text-transform);--awb-caption-title-line-height:var(--h2_typography-line-height);--awb-caption-title-letter-spacing:var(--h2_typography-letter-spacing);\"><span class=\" fusion-imageframe imageframe-none imageframe-2 hover-type-none\"><img decoding=\"async\" width=\"799\" height=\"599\" title=\"Print\" src=\"http:\/\/gocekanimalrescue.com\/wp-content\/uploads\/2019\/02\/thankyou.jpg\" alt class=\"img-responsive wp-image-12510\" srcset=\"https:\/\/gocekanimalrescue.com\/wp-content\/uploads\/2019\/02\/thankyou-200x150.jpg 200w, https:\/\/gocekanimalrescue.com\/wp-content\/uploads\/2019\/02\/thankyou-400x300.jpg 400w, https:\/\/gocekanimalrescue.com\/wp-content\/uploads\/2019\/02\/thankyou-600x450.jpg 600w, https:\/\/gocekanimalrescue.com\/wp-content\/uploads\/2019\/02\/thankyou.jpg 799w\" sizes=\"(max-width: 800px) 100vw, 400px\" \/><\/span><\/div><div class=\"fusion-clearfix\"><\/div><\/div><\/div><div class=\"fusion-layout-column fusion_builder_column fusion-builder-column-4 fusion_builder_column_1_2 1_2 fusion-one-half fusion-column-first\" style=\"--awb-bg-size:cover;--awb-border-color:#a0a0a0;--awb-border-top:3px;--awb-border-right:3px;--awb-border-bottom:3px;--awb-border-left:3px;--awb-border-style:solid;width:50%;width:calc(50% - ( ( 4% ) * 0.5 ) );margin-right: 4%;\"><div class=\"fusion-column-wrapper fusion-flex-column-wrapper-legacy\"><div class=\"fusion-text fusion-text-5\"><p><code> <\/code><\/p>\n<p style=\"text-align: center;\">Uluslararas\u0131 para transferleri i\u00e7in havale \u00fccreti \u00f6demek istemiyorsan\u0131z Paypal hesab\u0131m\u0131za ba\u011f\u0131\u015f yapmay\u0131 tercih edebilirsiniz. Paypal hesap bilgilerimiz: helpgocekstrays2@gmail.com<\/p>\n<p><code><\/code><\/p>\n<\/div><div class=\"fusion-aligncenter\"><a class=\"fusion-button button-flat button-large button-green fusion-button-green button-1 fusion-button-default-span fusion-button-default-type\" style=\"--button_text_transform:none;\" target=\"_self\" href=\"https:\/\/www.paypal.com\/\"><span class=\"fusion-button-text awb-button__text awb-button__text--default\">PayPal<\/span><\/a><\/div><div class=\"fusion-text fusion-text-6\"><p><code><\/p>\n<\/div><div class=\"fusion-clearfix\"><\/div><\/div><\/div><div class=\"fusion-layout-column fusion_builder_column fusion-builder-column-5 fusion_builder_column_1_2 1_2 fusion-one-half fusion-column-last\" style=\"--awb-bg-size:cover;--awb-border-color:#adadad;--awb-border-top:3px;--awb-border-right:3px;--awb-border-bottom:3px;--awb-border-left:3px;--awb-border-style:solid;width:50%;width:calc(50% - ( ( 4% ) * 0.5 ) );\"><div class=\"fusion-column-wrapper fusion-flex-column-wrapper-legacy\"><div class=\"fusion-text fusion-text-7\"><p><\/code><\/p>\n<p style=\"text-align: center;\">Ya da bize yiyecek g\u00f6ndermek i\u00e7in \u00e7ok nazik olabilir misin?<\/p>\n<\/div><div class=\"fusion-image-element fusion-image-align-center in-legacy-container\" style=\"text-align:center;--awb-caption-title-font-family:var(--h2_typography-font-family);--awb-caption-title-font-weight:var(--h2_typography-font-weight);--awb-caption-title-font-style:var(--h2_typography-font-style);--awb-caption-title-size:var(--h2_typography-font-size);--awb-caption-title-transform:var(--h2_typography-text-transform);--awb-caption-title-line-height:var(--h2_typography-line-height);--awb-caption-title-letter-spacing:var(--h2_typography-letter-spacing);\"><div class=\"imageframe-align-center\"><span class=\" fusion-imageframe imageframe-none imageframe-3 hover-type-none\"><a class=\"fusion-no-lightbox\" href=\"https:\/\/www.temizmama.com\" target=\"_self\" aria-label=\"temizmama\"><img decoding=\"async\" width=\"400\" height=\"68\" src=\"http:\/\/gocekanimalrescue.com\/wp-content\/uploads\/2019\/03\/temizmama-400x68.jpg\" alt class=\"img-responsive wp-image-12563\" srcset=\"https:\/\/gocekanimalrescue.com\/wp-content\/uploads\/2019\/03\/temizmama-200x34.jpg 200w, https:\/\/gocekanimalrescue.com\/wp-content\/uploads\/2019\/03\/temizmama-400x68.jpg 400w, https:\/\/gocekanimalrescue.com\/wp-content\/uploads\/2019\/03\/temizmama-600x101.jpg 600w, https:\/\/gocekanimalrescue.com\/wp-content\/uploads\/2019\/03\/temizmama-800x135.jpg 800w, https:\/\/gocekanimalrescue.com\/wp-content\/uploads\/2019\/03\/temizmama.jpg 906w\" sizes=\"(max-width: 800px) 100vw, 600px\" \/><\/a><\/span><\/div><\/div><div class=\"fusion-image-element fusion-image-align-center in-legacy-container\" style=\"text-align:center;--awb-caption-title-font-family:var(--h2_typography-font-family);--awb-caption-title-font-weight:var(--h2_typography-font-weight);--awb-caption-title-font-style:var(--h2_typography-font-style);--awb-caption-title-size:var(--h2_typography-font-size);--awb-caption-title-transform:var(--h2_typography-text-transform);--awb-caption-title-line-height:var(--h2_typography-line-height);--awb-caption-title-letter-spacing:var(--h2_typography-letter-spacing);\"><div class=\"imageframe-align-center\"><span class=\" fusion-imageframe imageframe-none imageframe-4 hover-type-none\"><a class=\"fusion-no-lightbox\" href=\"https:\/\/www.amazon.com.tr\" target=\"_self\" aria-label=\"amazon\"><img decoding=\"async\" width=\"300\" height=\"83\" src=\"http:\/\/gocekanimalrescue.com\/wp-content\/uploads\/2019\/03\/amazon-300x83.jpg\" alt class=\"img-responsive wp-image-12562\" srcset=\"https:\/\/gocekanimalrescue.com\/wp-content\/uploads\/2019\/03\/amazon-200x55.jpg 200w, https:\/\/gocekanimalrescue.com\/wp-content\/uploads\/2019\/03\/amazon.jpg 377w\" sizes=\"(max-width: 800px) 100vw, 300px\" \/><\/a><\/span><\/div><\/div><div class=\"fusion-text fusion-text-8\"><p style=\"text-align: center;\">Bar\u0131na\u011f\u0131m\u0131za mama ba\u011f\u0131\u015f\u0131 yapabilirsiniz. \u0130ster internet \u00fczerinden, ister tercih etti\u011finiz bir veteriner klini\u011finden mama g\u00f6nderebilirsiniz. Adresimiz:<\/p>\n<p style=\"text-align: center;\">G\u00f6cek Do\u011fa ve Hayvan Dostlar\u0131 Derne\u011fi<\/p>\n<p style=\"text-align: center;\">Ta\u015fba\u015f\u0131 Mahallesi, G\u00f6cek, Fethiye, MUGLA<\/p>\n<\/div><div class=\"fusion-clearfix\"><\/div><\/div><\/div><div class=\"fusion-layout-column fusion_builder_column fusion-builder-column-6 fusion_builder_column_1_1 1_1 fusion-one-full fusion-column-first fusion-column-last\" style=\"--awb-bg-size:cover;--awb-margin-bottom:0px;\"><div class=\"fusion-column-wrapper fusion-flex-column-wrapper-legacy\"><div class=\"fusion-text fusion-text-9\"><h2 style=\"text-align: center;\">Nezaket i\u00e7in te\u015fekk\u00fcr ederim<\/h2>\n<\/div><div class=\"fusion-text fusion-text-10\"><p style=\"text-align: center;\">L\u00fctfen yapt\u0131\u011f\u0131n\u0131z ba\u011f\u0131\u015flar\u0131 a\u015fa\u011f\u0131daki email adreslerimizden herhangi birine bildiriniz.<\/p>\n<\/div><div class=\"fusion-aligncenter\"><a class=\"fusion-button button-flat button-large button-green fusion-button-green button-2 fusion-button-default-span fusion-button-default-type\" style=\"--button_text_transform:none;\" target=\"_self\" href=\"mailto:helpgocekstrays2@gmail.com\"><span class=\"fusion-button-text awb-button__text awb-button__text--default\">E-posta Christine<\/span><\/a><\/div><div class=\"fusion-section-separator section-separator clouds fusion-section-separator-1\" style=\"--awb-spacer-height:99px;--awb-svg-margin-left:0;--awb-svg-margin-right:0;--awb-divider-height:99px;--awb-spacer-padding-top:inherit;--awb-sep-padding:0;--awb-svg-padding:0;\"><div class=\"fusion-section-separator-svg\"><svg class=\"fusion-clouds-candy\" xmlns=\"http:\/\/www.w3.org\/2000\/svg\" version=\"1.1\" width=\"100%\" height=\"100\" viewBox=\"0 0 100 100\" preserveAspectRatio=\"none\" fill=\"rgba(145,145,145,0.48)\"><path d=\"M-5 100 Q 0 20 5 100 Z\"><\/path>\n\t\t\t\t\t\t\t\t<path d=\"M0 100 Q 5 0 10 100\"><\/path>\n\t\t\t\t\t\t\t\t<path d=\"M5 100 Q 10 30 15 100\"><\/path>\n\t\t\t\t\t\t\t\t<path d=\"M10 100 Q 15 10 20 100\"><\/path>\n\t\t\t\t\t\t\t\t<path d=\"M15 100 Q 20 30 25 100\"><\/path>\n\t\t\t\t\t\t\t\t<path d=\"M20 100 Q 25 -10 30 100\"><\/path>\n\t\t\t\t\t\t\t\t<path d=\"M25 100 Q 30 10 35 100\"><\/path>\n\t\t\t\t\t\t\t\t<path d=\"M30 100 Q 35 30 40 100\"><\/path>\n\t\t\t\t\t\t\t\t<path d=\"M35 100 Q 40 10 45 100\"><\/path>\n\t\t\t\t\t\t\t\t<path d=\"M40 100 Q 45 50 50 100\"><\/path>\n\t\t\t\t\t\t\t\t<path d=\"M45 100 Q 50 20 55 100\"><\/path>\n\t\t\t\t\t\t\t\t<path d=\"M50 100 Q 55 40 60 100\"><\/path>\n\t\t\t\t\t\t\t\t<path d=\"M55 100 Q 60 60 65 100\"><\/path>\n\t\t\t\t\t\t\t\t<path d=\"M60 100 Q 65 50 70 100\"><\/path>\n\t\t\t\t\t\t\t\t<path d=\"M65 100 Q 70 20 75 100\"><\/path>\n\t\t\t\t\t\t\t\t<path d=\"M70 100 Q 75 45 80 100\"><\/path>\n\t\t\t\t\t\t\t\t<path d=\"M75 100 Q 80 30 85 100\"><\/path>\n\t\t\t\t\t\t\t\t<path d=\"M80 100 Q 85 20 90 100\"><\/path>\n\t\t\t\t\t\t\t\t<path d=\"M85 100 Q 90 50 95 100\"><\/path>\n\t\t\t\t\t\t\t\t<path d=\"M90 100 Q 95 25 100 100\"><\/path>\n\t\t\t\t\t\t\t\t<path d=\"M95 100 Q 100 15 105 100 Z\"><\/path><\/svg><\/div><div class=\"fusion-section-separator-spacer\"><div class=\"fusion-section-separator-spacer-height\"><\/div><\/div><\/div><div class=\"fusion-clearfix\"><\/div><\/div><\/div><div class=\"fusion-layout-column fusion_builder_column fusion-builder-column-7 fusion_builder_column_1_3 1_3 fusion-one-third fusion-column-first\" style=\"--awb-bg-size:cover;width:33.333333333333%;width:calc(33.333333333333% - ( ( 4% + 4% ) * 0.33333333333333 ) );margin-right: 4%;\"><div class=\"fusion-column-wrapper fusion-flex-column-wrapper-legacy\"><div class=\"fusion-image-element in-legacy-container\" style=\"--awb-caption-title-font-family:var(--h2_typography-font-family);--awb-caption-title-font-weight:var(--h2_typography-font-weight);--awb-caption-title-font-style:var(--h2_typography-font-style);--awb-caption-title-size:var(--h2_typography-font-size);--awb-caption-title-transform:var(--h2_typography-text-transform);--awb-caption-title-line-height:var(--h2_typography-line-height);--awb-caption-title-letter-spacing:var(--h2_typography-letter-spacing);\"><span class=\" fusion-imageframe imageframe-none imageframe-5 hover-type-none\"><img decoding=\"async\" width=\"640\" height=\"427\" title=\"puffin\" src=\"http:\/\/gocekanimalrescue.com\/wp-content\/uploads\/2019\/02\/puffin.jpg\" alt class=\"img-responsive wp-image-12516\" srcset=\"https:\/\/gocekanimalrescue.com\/wp-content\/uploads\/2019\/02\/puffin-200x133.jpg 200w, https:\/\/gocekanimalrescue.com\/wp-content\/uploads\/2019\/02\/puffin-400x267.jpg 400w, https:\/\/gocekanimalrescue.com\/wp-content\/uploads\/2019\/02\/puffin-600x400.jpg 600w, https:\/\/gocekanimalrescue.com\/wp-content\/uploads\/2019\/02\/puffin.jpg 640w\" sizes=\"(max-width: 800px) 100vw, 400px\" \/><\/span><\/div><div class=\"fusion-clearfix\"><\/div><\/div><\/div><div class=\"fusion-layout-column fusion_builder_column fusion-builder-column-8 fusion_builder_column_1_3 1_3 fusion-one-third\" style=\"--awb-bg-size:cover;width:33.333333333333%;width:calc(33.333333333333% - ( ( 4% + 4% ) * 0.33333333333333 ) );margin-right: 4%;\"><div class=\"fusion-column-wrapper fusion-flex-column-wrapper-legacy\"><div class=\"fusion-text fusion-text-11\"><h2 style=\"text-align: center;\">Sponsorluk<\/h2>\n<p>\u0130sterseniz bar\u0131nak sakinlerimizden birinin mama ve veterinerlik masraflar\u0131 i\u00e7in sponsorluk yapabilirsiniz. D\u00fczenli olarak b\u00f6yle bir ba\u011f\u0131\u015f yapmay\u0131 tercih ederseniz l\u00fctfen a\u015fa\u011f\u0131daki adresten Christine Van Elsen\u2019e ula\u015f\u0131n\u0131z<\/p>\n<\/div><div class=\"fusion-aligncenter\"><a class=\"fusion-button button-flat button-large button-green fusion-button-green button-3 fusion-button-default-span fusion-button-default-type\" style=\"--button_text_transform:none;\" target=\"_self\" href=\"mailto:helpgocekstrays2@gmail.com\"><span class=\"fusion-button-text awb-button__text awb-button__text--default\">E-posta Christine<\/span><\/a><\/div><div class=\"fusion-clearfix\"><\/div><\/div><\/div><div class=\"fusion-layout-column fusion_builder_column fusion-builder-column-9 fusion_builder_column_1_3 1_3 fusion-one-third fusion-column-last\" style=\"--awb-bg-size:cover;width:33.333333333333%;width:calc(33.333333333333% - ( ( 4% + 4% ) * 0.33333333333333 ) );\"><div class=\"fusion-column-wrapper fusion-flex-column-wrapper-legacy\"><div class=\"fusion-image-element in-legacy-container\" style=\"--awb-caption-title-font-family:var(--h2_typography-font-family);--awb-caption-title-font-weight:var(--h2_typography-font-weight);--awb-caption-title-font-style:var(--h2_typography-font-style);--awb-caption-title-size:var(--h2_typography-font-size);--awb-caption-title-transform:var(--h2_typography-text-transform);--awb-caption-title-line-height:var(--h2_typography-line-height);--awb-caption-title-letter-spacing:var(--h2_typography-letter-spacing);\"><span class=\" fusion-imageframe imageframe-none imageframe-6 hover-type-none\"><img decoding=\"async\" width=\"640\" height=\"428\" title=\"cutetwo\" src=\"http:\/\/gocekanimalrescue.com\/wp-content\/uploads\/2019\/02\/cutetwo.jpg\" alt class=\"img-responsive wp-image-12515\" srcset=\"https:\/\/gocekanimalrescue.com\/wp-content\/uploads\/2019\/02\/cutetwo-200x134.jpg 200w, https:\/\/gocekanimalrescue.com\/wp-content\/uploads\/2019\/02\/cutetwo-400x268.jpg 400w, https:\/\/gocekanimalrescue.com\/wp-content\/uploads\/2019\/02\/cutetwo-600x401.jpg 600w, https:\/\/gocekanimalrescue.com\/wp-content\/uploads\/2019\/02\/cutetwo.jpg 640w\" sizes=\"(max-width: 800px) 100vw, 400px\" \/><\/span><\/div><div class=\"fusion-clearfix\"><\/div><\/div><\/div><\/div><\/div>\n","protected":false},"excerpt":{"rendered":"","protected":false},"author":1,"featured_media":0,"parent":0,"menu_order":0,"comment_status":"closed","ping_status":"closed","template":"","meta":{"footnotes":""},"class_list":["post-12614","page","type-page","status-publish","hentry"],"_links":{"self":[{"href":"https:\/\/gocekanimalrescue.com\/tr\/wp-json\/wp\/v2\/pages\/12614","targetHints":{"allow":["GET"]}}],"collection":[{"href":"https:\/\/gocekanimalrescue.com\/tr\/wp-json\/wp\/v2\/pages"}],"about":[{"href":"https:\/\/gocekanimalrescue.com\/tr\/wp-json\/wp\/v2\/types\/page"}],"author":[{"embeddable":true,"href":"https:\/\/gocekanimalrescue.com\/tr\/wp-json\/wp\/v2\/users\/1"}],"replies":[{"embeddable":true,"href":"https:\/\/gocekanimalrescue.com\/tr\/wp-json\/wp\/v2\/comments?post=12614"}],"version-history":[{"count":8,"href":"https:\/\/gocekanimalrescue.com\/tr\/wp-json\/wp\/v2\/pages\/12614\/revisions"}],"predecessor-version":[{"id":13675,"href":"https:\/\/gocekanimalrescue.com\/tr\/wp-json\/wp\/v2\/pages\/12614\/revisions\/13675"}],"wp:attachment":[{"href":"https:\/\/gocekanimalrescue.com\/tr\/wp-json\/wp\/v2\/media?parent=12614"}],"curies":[{"name":"wp","href":"https:\/\/api.w.org\/{rel}","templated":true}]}}